{"id":4090,"date":"2022-10-03T10:44:02","date_gmt":"2022-10-03T08:44:02","guid":{"rendered":"https:\/\/penzionugrygaru.cz\/schutz-personenbezogener-daten\/"},"modified":"2023-02-12T12:40:21","modified_gmt":"2023-02-12T11:40:21","slug":"schutz-personenbezogener-daten","status":"publish","type":"page","link":"https:\/\/penzionugrygaru.cz\/de\/schutz-personenbezogener-daten\/","title":{"rendered":"Schutz personenbezogener Daten"},"content":{"rendered":"\t\t<div data-elementor-type=\"wp-page\" data-elementor-id=\"4090\" class=\"elementor elementor-4090 elementor-515\" data-elementor-post-type=\"page\">\n\t\t\t\t\t\t<section class=\"elementor-section elementor-top-section elementor-element elementor-element-d4c059a elementor-section-boxed elementor-section-height-default elementor-section-height-default\" data-id=\"d4c059a\" data-element_type=\"section\" data-e-type=\"section\">\n\t\t\t\t\t\t<div class=\"elementor-container elementor-column-gap-default\">\n\t\t\t\t\t<div class=\"elementor-column elementor-col-100 elementor-top-column elementor-element elementor-element-4bef21d\" data-id=\"4bef21d\" data-element_type=\"column\" data-e-type=\"column\">\n\t\t\t<div class=\"elementor-widget-wrap\">\n\t\t\t\t\t\t\t<\/div>\n\t\t<\/div>\n\t\t\t\t\t<\/div>\n\t\t<\/section>\n\t\t\t\t<section class=\"elementor-section elementor-top-section elementor-element elementor-element-0aa4f19 elementor-section-boxed elementor-section-height-default elementor-section-height-default\" data-id=\"0aa4f19\" data-element_type=\"section\" data-e-type=\"section\">\n\t\t\t\t\t\t<div class=\"elementor-container elementor-column-gap-default\">\n\t\t\t\t\t<div class=\"elementor-column elementor-col-100 elementor-top-column elementor-element elementor-element-e62efd2\" data-id=\"e62efd2\" data-element_type=\"column\" data-e-type=\"column\">\n\t\t\t<div class=\"elementor-widget-wrap\">\n\t\t\t\t\t\t\t<\/div>\n\t\t<\/div>\n\t\t\t\t\t<\/div>\n\t\t<\/section>\n\t\t\t\t<section class=\"elementor-section elementor-top-section elementor-element elementor-element-b74c4c4 elementor-section-boxed elementor-section-height-default elementor-section-height-default\" data-id=\"b74c4c4\" data-element_type=\"section\" data-e-type=\"section\">\n\t\t\t\t\t\t<div class=\"elementor-container elementor-column-gap-default\">\n\t\t\t\t\t<div class=\"elementor-column elementor-col-100 elementor-top-column elementor-element elementor-element-8bbaa29\" data-id=\"8bbaa29\" data-element_type=\"column\" data-e-type=\"column\">\n\t\t\t<div class=\"elementor-widget-wrap elementor-element-populated\">\n\t\t\t\t\t\t<div class=\"elementor-element elementor-element-3db8431 elementor-widget elementor-widget-heading\" data-id=\"3db8431\" data-element_type=\"widget\" data-e-type=\"widget\" data-widget_type=\"heading.default\">\n\t\t\t\t<div class=\"elementor-widget-container\">\n\t\t\t\t\t<h2 class=\"elementor-heading-title elementor-size-default\">Datenschutzbestimmungen<\/h2>\t\t\t\t<\/div>\n\t\t\t\t<\/div>\n\t\t\t\t<div class=\"elementor-element elementor-element-4df28be elementor-widget elementor-widget-text-editor\" data-id=\"4df28be\" data-element_type=\"widget\" data-e-type=\"widget\" data-widget_type=\"text-editor.default\">\n\t\t\t\t<div class=\"elementor-widget-container\">\n\t\t\t\t\t\t\t\t\t<p><br><\/p>\n<p><b>I.<\/b><\/p>\n<p><b>Grundlegende Bestimmungen<\/b><\/p>\n<p>1.&nbsp;<span style=\"font-style: inherit; font-weight: inherit; background-color: var(--ast-global-color-4); color: var(--ast-global-color-3);\">Der f\u00fcr die Verarbeitung personenbezogener Daten Verantwortliche im Sinne von Art. 4 Absatz 7 der Verordnung (EU) 2016\/679 des Europ\u00e4ischen Parlaments und des Rates zum Schutz nat\u00fcrlicher Personen in Bezug auf &nbsp; &nbsp; &nbsp; &nbsp; der Verarbeitung personenbezogener Daten und des freien Datenverkehrs (im Folgenden: &#8222;GDPR&#8220;) ist Helena Grygarov\u00e1, ID 49600141, mit Sitz in 28.Oktober 602 Lipn\u00edk nad Be\u010dvou (im Folgenden: &#8222;Verantwortlicher&#8220;).<\/span><\/p>\n<p>2. Die Kontaktdaten des Verwalters lauten<\/p>\n<p>Adresse: 28.\u0159\u00edjna 602, Lipn\u00edk nad Be\u010dvou 751 31<\/p>\n<p>email: info@penzionugrygaru.cz<\/p>\n<p>telefon: +420721877658<\/p>\n<p>3. Personenbezogene Daten sind alle Informationen \u00fcber eine bestimmte oder bestimmbare nat\u00fcrliche Person; als bestimmbar wird eine nat\u00fcrliche Person angesehen, die direkt oder indirekt identifiziert werden kann, insbesondere durch Zuordnung zu einer Kennung wie einem Namen, zu einer Kennnummer, zu Standortdaten, zu einer Netzkennung oder zu einem oder mehreren besonderen Merkmalen der physischen, physiologischen, genetischen, psychischen, wirtschaftlichen, kulturellen oder sozialen Identit\u00e4t dieser nat\u00fcrlichen Person.<\/p>\n<p>4. Der f\u00fcr die Verarbeitung Verantwortliche hat keinen Datenschutzbeauftragten ernannt.<\/p>\n<p><b>II.<\/b><\/p>\n<p><b>Quellen und Kategorien der verarbeiteten personenbezogenen Daten<\/b><\/p>\n<p><span style=\"font-style: inherit; font-weight: inherit; background-color: var(--ast-global-color-4); color: var(--ast-global-color-3);\">1.Der f\u00fcr die Verarbeitung Verantwortliche verarbeitet personenbezogene Daten, die Sie dem f\u00fcr die Verarbeitung Verantwortlichen zur Verf\u00fcgung gestellt haben, oder personenbezogene Daten, die der f\u00fcr die Verarbeitung Verantwortliche durch Ausf\u00fcllen des Formulars erhalten hat.<\/span><\/p>\n<p>2. Der f\u00fcr die Verarbeitung Verantwortliche verarbeitet Ihre Identifikations- und Kontaktdaten sowie Daten, die f\u00fcr die Erf\u00fcllung des Vertrags erforderlich sind.<\/p>\n<div>\n<div><b>III.<\/b><\/div>\n<div><b>&nbsp;<\/b><\/div>\n<div><b>Rechtm\u00e4\u00dfiger Grund und Zweck der Verarbeitung personenbezogener Daten<\/b><\/div>\n<div>&nbsp;<\/div>\n<div>1. Der rechtm\u00e4\u00dfige Grund f\u00fcr die Verarbeitung personenbezogener Daten ist<\/div>\n<div>&nbsp;<\/div>\n<div>-die Erf\u00fcllung des Vertrags zwischen Ihnen und dem Verwalter gem\u00e4\u00df Art. 6 Abs. 1 Punkt. b) GDPR,<\/div>\n<div>-die Erf\u00fcllung der gesetzlichen Verpflichtung des Verwalters nach Art. 6 Abs. 1 Punkt. c) GDPR,<\/div>\n<div>-das berechtigte Interesse des f\u00fcr die Verarbeitung Verantwortlichen an der Bereitstellung von Direktmarketing (insbesondere f\u00fcr die Zusendung von kommerziellen Mitteilungen und Newslettern) gem\u00e4\u00df Art. 6 Abs. 1 Punkt. f) GDPR,<\/div>\n<div>-Ihre Einwilligung zur Verarbeitung zum Zwecke des Direktmarketings (insbesondere zum Versand von kommerziellen Mitteilungen und Newslettern) gem\u00e4\u00df Artikel 6 Absatz 1 Buchstabe a) DSGVO in Verbindung mit Abschnitt 7 Absatz 2 des Gesetzes Nr. 480\/2004 Slg. \u00fcber bestimmte Dienste der Informationsgesellschaft f\u00fcr den Fall, dass keine Bestellung von Waren oder Dienstleistungen aufgegeben wurde.<\/div>\n<div>2.Der Zweck der Verarbeitung der personenbezogenen Daten ist<\/div>\n<div>&nbsp;<\/div>\n<div>-die Ausf\u00fchrung Ihrer Bestellung und die Aus\u00fcbung der Rechte und Pflichten aus dem Vertragsverh\u00e4ltnis zwischen Ihnen und dem f\u00fcr die Verarbeitung Verantwortlichen; bei der Bestellung werden personenbezogene Daten ben\u00f6tigt, die f\u00fcr die erfolgreiche Ausf\u00fchrung der Bestellung erforderlich sind (Name und Anschrift, Kontakt), die Bereitstellung personenbezogener Daten ist eine notwendige Voraussetzung f\u00fcr den Abschluss und die Erf\u00fcllung des Vertrags, ohne die Bereitstellung personenbezogener Daten ist der Abschluss des Vertrags oder seine Erf\u00fcllung durch den f\u00fcr die Verarbeitung Verantwortlichen nicht m\u00f6glich,<\/div>\n<div>-Erf\u00fcllung der gesetzlichen Verpflichtungen gegen\u00fcber dem Staat,<\/div>\n<div>-Versand von Werbebotschaften und andere Marketingaktivit\u00e4ten.<\/div>\n<div>&nbsp;<\/div>\n<p><\/p>\n<div><b>IV.<\/b><\/div>\n<div><b>&nbsp;<\/b><\/div>\n<div><b>Dauer der Datenspeicherung<\/b><\/div>\n<div>&nbsp;<\/div>\n<div>1. Der f\u00fcr die Verarbeitung Verantwortliche speichert personenbezogene Daten<\/div>\n<div>-f\u00fcr den Zeitraum, der erforderlich ist, um die Rechte und Pflichten aus dem Vertragsverh\u00e4ltnis zwischen Ihnen und dem f\u00fcr die Verarbeitung Verantwortlichen auszu\u00fcben und um Anspr\u00fcche aus diesen Vertragsverh\u00e4ltnissen geltend zu machen (f\u00fcr einen Zeitraum von 15 Jahren nach Beendigung des Vertragsverh\u00e4ltnisses).<\/div>\n<div>-f\u00fcr den Zeitraum, bis die Einwilligung in die Verarbeitung personenbezogener Daten zu Marketingzwecken widerrufen wird, jedoch nicht l\u00e4nger als 10 Jahre, wenn die personenbezogenen Daten auf der Grundlage einer Einwilligung verarbeitet werden.<\/div>\n<div>&nbsp;<\/div>\n<div>2. Nach Ablauf der Aufbewahrungsfrist hat der f\u00fcr die Verarbeitung Verantwortliche die personenbezogenen Daten zu l\u00f6schen.<\/div>\n<div>&nbsp;<\/div>\n<div>\n<div><b>V.<\/b><\/div>\n<div><b>&nbsp;<\/b><\/div>\n<div><b>Empf\u00e4nger von personenbezogenen Daten (Unterauftragnehmer des f\u00fcr die Verarbeitung Verantwortlichen)<\/b><\/div>\n<div>&nbsp;<\/div>\n<div>Empf\u00e4nger von personenbezogenen Daten sind Personen<\/div>\n<div>die an der Lieferung von Waren\/Dienstleistungen\/Zahlungen im Rahmen des Vertrags beteiligt sind,<\/div>\n<div>Erbringung von Dienstleistungen f\u00fcr den Betrieb des E-Shops (Shopify) und anderer Dienstleistungen im Zusammenhang mit dem Betrieb des E-Shops,<\/div>\n<div>Erbringung von Marketingdienstleistungen.<\/div>\n<div>Der f\u00fcr die Verarbeitung Verantwortliche beabsichtigt, die personenbezogenen Daten in ein Drittland (Nicht-EU-Land) oder an eine internationale Organisation zu \u00fcbermitteln. Empf\u00e4nger personenbezogener Daten in Drittl\u00e4ndern sind Mailing-Dienstleister \/ Cloud-Service-Anbieter.<\/div>\n<div><b>&nbsp;<\/b><\/div>\n<div>\n<div><b>VI.<\/b><\/div>\n<div><b>&nbsp;<\/b><\/div>\n<div><b>Verantwortliche f\u00fcr die Verarbeitung personenbezogener Daten<\/b><\/div>\n<div>&nbsp;<\/div>\n<div>1. Die Verarbeitung personenbezogener Daten erfolgt durch den f\u00fcr die Verarbeitung Verantwortlichen, doch k\u00f6nnen personenbezogene Daten auch von diesen Auftragsverarbeitern f\u00fcr den f\u00fcr die Verarbeitung Verantwortlichen verarbeitet werden, vor allem zum Zwecke der Auftragserf\u00fcllung und der Online-Werbung:<\/div>\n<div>Unternehmen<\/div>\n<div>&nbsp;<\/div>\n<div>Land\/Zweck<\/div>\n<div>&nbsp;<\/div>\n<div>Facebook-<span style=\"background-color: var(--ast-global-color-4); color: var(--ast-global-color-3); font-size: 1rem;\">USA\/<\/span><span style=\"background-color: var(--ast-global-color-4); color: var(--ast-global-color-3); font-size: 1rem;\">Online-Marketing, gemeinsame Nutzung von Inhalten<\/span><\/div>\n<div>&nbsp;<\/div>\n<div>Google-<span style=\"background-color: var(--ast-global-color-4); color: var(--ast-global-color-3); font-size: 1rem;\">USA\/<\/span><span style=\"background-color: var(--ast-global-color-4); color: var(--ast-global-color-3); font-size: 1rem;\">Analytische Zwecke, Online-Marketing<\/span><\/div>\n<div>&nbsp;<\/div>\n<div>Liste-tschechische republik\/<span style=\"background-color: var(--ast-global-color-4); color: var(--ast-global-color-3); font-size: 1rem;\">Online-Werbung<\/span><\/div>\n<div>&nbsp;<\/div>\n<div>Instagram-<span style=\"background-color: var(--ast-global-color-4); color: var(--ast-global-color-3); font-size: 1rem;\">USA\/<\/span><span style=\"background-color: var(--ast-global-color-4); color: var(--ast-global-color-3); font-size: 1rem;\">Online-Werbung, gemeinsame Nutzung von Inhalten<\/span><\/div>\n<div>&nbsp;<\/div>\n<div>m\u00f6glicherweise ein anderer Anbieter von Verarbeitungssoftwarediensten und -anwendungen, der jedoch derzeit nicht von dem f\u00fcr die Verarbeitung Verantwortlichen genutzt wird.<\/div>\n<div>&nbsp;<\/div>\n<div><b>VII.<\/b><\/div>\n<div><b>&nbsp;<\/b><\/div>\n<div><b>Ihre Rechte<\/b><\/div>\n<div>&nbsp;<\/div>\n<div>1. Gem\u00e4\u00df den Bestimmungen der DSGVO haben Sie<\/div>\n<div>-das Recht auf Zugang zu Ihren personenbezogenen Daten gem\u00e4\u00df Art. 15 GDPR,<\/div>\n<div>-das Recht auf Berichtigung personenbezogener Daten gem\u00e4\u00df Art. 16 GDPR, ggf. Einschr\u00e4nkung der Verarbeitung gem\u00e4\u00df Art. 18 GDPR ,<\/div>\n<div>-das Recht auf L\u00f6schung der personenbezogenen Daten gem\u00e4\u00df Art. 17 GDPR ,<\/div>\n<div>-das Recht auf Widerspruch gegen die Verarbeitung gem\u00e4\u00df Art. 21 GDPR ,<\/div>\n<div>-das Recht auf Daten\u00fcbertragbarkeit gem\u00e4\u00df Art. 20 GDPR a<\/div>\n<div>-das Recht, die Zustimmung zur Verarbeitung schriftlich oder elektronisch an die Anschrift oder E-Mail-Adresse des f\u00fcr die Verarbeitung Verantwortlichen gem\u00e4\u00df Art. III diese Bedingungen.<\/div>\n<div>&nbsp;<\/div>\n<div>2. Sie haben auch das Recht, sich beim Amt f\u00fcr den Schutz personenbezogener Daten zu beschweren, wenn Sie der Meinung sind, dass Ihr Recht auf Schutz personenbezogener Daten verletzt wurde, oder rechtliche Schritte einzuleiten.<\/div>\n<div>&nbsp;<\/div>\n<div><b>VIII.<\/b><\/div>\n<div><b>&nbsp;<\/b><\/div>\n<div><b>Bedingungen f\u00fcr die Sicherheit personenbezogener Daten<\/b><\/div>\n<div>&nbsp;<\/div>\n<div>1. Der f\u00fcr die Verarbeitung Verantwortliche erkl\u00e4rt, dass er alle geeigneten technischen und organisatorischen Ma\u00dfnahmen zum Schutz personenbezogener Daten getroffen hat.<\/div>\n<div>2. Der f\u00fcr die Verarbeitung Verantwortliche hat technische Ma\u00dfnahmen zur Sicherung der Datenspeicherung und der Speicherung personenbezogener Daten ergriffen, insbesondere die Sicherung der Speicherung mit Antivirenprogrammen, geeigneten Passw\u00f6rtern und Zwei-Faktor-Authentifizierung.<\/div>\n<div>3. Der f\u00fcr die Verarbeitung Verantwortliche erkl\u00e4rt, dass nur von ihm autorisierte Personen Zugang zu den personenbezogenen Daten haben.<\/div>\n<div>&nbsp;<\/div>\n<div><b>IX.<\/b><\/div>\n<div><b>&nbsp;<\/b><\/div>\n<div><b>Schlussbestimmungen<\/b><\/div>\n<div>&nbsp;<\/div>\n<div>1. Indem Sie eine Bestellung \u00fcber das Online-Bestellformular aufgeben, best\u00e4tigen Sie, dass Sie die Datenschutzbestimmungen zur Kenntnis genommen haben und sie in ihrer Gesamtheit akzeptieren.<\/div>\n<div>2. Durch Ankreuzen des Zustimmungsfeldes im Online-Formular erkl\u00e4ren Sie sich mit diesen Bedingungen und Konditionen einverstanden. Indem Sie das Zustimmungsfeld ankreuzen, best\u00e4tigen Sie, dass Sie die Datenschutzbestimmungen zur Kenntnis genommen haben und sie in vollem Umfang akzeptieren.<\/div>\n<div>3. Der Verwalter ist berechtigt, diese Bedingungen zu \u00e4ndern. Er wird die neue Version der Datenschutzrichtlinie auf seiner Website ver\u00f6ffentlichen und Ihnen die neue Version der Datenschutzrichtlinie an die E-Mail-Adresse senden, die Sie dem f\u00fcr die Verarbeitung Verantwortlichen mitgeteilt haben.<\/div>\n<div>&nbsp;<\/div>\n<div>Diese Bedingungen treten am 26.10.2022 in Kraft.<\/div>\n<\/div>\n<\/div>\n<\/div>\t\t\t\t\t\t\t\t<\/div>\n\t\t\t\t<\/div>\n\t\t\t\t\t<\/div>\n\t\t<\/div>\n\t\t\t\t\t<\/div>\n\t\t<\/section>\n\t\t\t\t<\/div>\n\t\t","protected":false},"excerpt":{"rendered":"<p>Datenschutzbestimmungen I. Grundlegende Bestimmungen 1.&nbsp;Der f\u00fcr die Verarbeitung personenbezogener Daten Verantwortliche im Sinne von Art. 4 Absatz 7 der Verordnung (EU) 2016\/679 des Europ\u00e4ischen Parlaments und des Rates zum Schutz nat\u00fcrlicher Personen in Bezug auf &nbsp; &nbsp; &nbsp; &nbsp; der Verarbeitung personenbezogener Daten und des freien Datenverkehrs (im Folgenden: &#8222;GDPR&#8220;) ist Helena Grygarov\u00e1, ID 49600141, [&hellip;]<\/p>\n","protected":false},"author":1,"featured_media":0,"parent":0,"menu_order":0,"comment_status":"closed","ping_status":"closed","template":"","meta":{"site-sidebar-layout":"no-sidebar","site-content-layout":"page-builder","ast-site-content-layout":"","site-content-style":"default","site-sidebar-style":"default","ast-global-header-display":"","ast-banner-title-visibility":"","ast-main-header-display":"","ast-hfb-above-header-display":"","ast-hfb-below-header-display":"","ast-hfb-mobile-header-display":"","site-post-title":"disabled","ast-breadcrumbs-content":"","ast-featured-img":"disabled","footer-sml-layout":"","theme-transparent-header-meta":"default","adv-header-id-meta":"","stick-header-meta":"","header-above-stick-meta":"","header-main-stick-meta":"","header-below-stick-meta":"","astra-migrate-meta-layouts":"default","ast-page-background-enabled":"default","ast-page-background-meta":{"desktop":{"background-color":"","background-image":"","background-repeat":"repeat","background-position":"center center","background-size":"auto","background-attachment":"scroll","background-type":"","background-media":"","overlay-type":"","overlay-color":"","overlay-opacity":"","overlay-gradient":""},"tablet":{"background-color":"","background-image":"","background-repeat":"repeat","background-position":"center center","background-size":"auto","background-attachment":"scroll","background-type":"","background-media":"","overlay-type":"","overlay-color":"","overlay-opacity":"","overlay-gradient":""},"mobile":{"background-color":"","background-image":"","background-repeat":"repeat","background-position":"center center","background-size":"auto","background-attachment":"scroll","background-type":"","background-media":"","overlay-type":"","overlay-color":"","overlay-opacity":"","overlay-gradient":""}},"ast-content-background-meta":{"desktop":{"background-color":"var(--ast-global-color-5)","background-image":"","background-repeat":"repeat","background-position":"center center","background-size":"auto","background-attachment":"scroll","background-type":"","background-media":"","overlay-type":"","overlay-color":"","overlay-opacity":"","overlay-gradient":""},"tablet":{"background-color":"var(--ast-global-color-5)","background-image":"","background-repeat":"repeat","background-position":"center center","background-size":"auto","background-attachment":"scroll","background-type":"","background-media":"","overlay-type":"","overlay-color":"","overlay-opacity":"","overlay-gradient":""},"mobile":{"background-color":"var(--ast-global-color-5)","background-image":"","background-repeat":"repeat","background-position":"center center","background-size":"auto","background-attachment":"scroll","background-type":"","background-media":"","overlay-type":"","overlay-color":"","overlay-opacity":"","overlay-gradient":""}},"footnotes":""},"class_list":["post-4090","page","type-page","status-publish","hentry"],"_links":{"self":[{"href":"https:\/\/penzionugrygaru.cz\/de\/wp-json\/wp\/v2\/pages\/4090","targetHints":{"allow":["GET"]}}],"collection":[{"href":"https:\/\/penzionugrygaru.cz\/de\/wp-json\/wp\/v2\/pages"}],"about":[{"href":"https:\/\/penzionugrygaru.cz\/de\/wp-json\/wp\/v2\/types\/page"}],"author":[{"embeddable":true,"href":"https:\/\/penzionugrygaru.cz\/de\/wp-json\/wp\/v2\/users\/1"}],"replies":[{"embeddable":true,"href":"https:\/\/penzionugrygaru.cz\/de\/wp-json\/wp\/v2\/comments?post=4090"}],"version-history":[{"count":1,"href":"https:\/\/penzionugrygaru.cz\/de\/wp-json\/wp\/v2\/pages\/4090\/revisions"}],"predecessor-version":[{"id":4091,"href":"https:\/\/penzionugrygaru.cz\/de\/wp-json\/wp\/v2\/pages\/4090\/revisions\/4091"}],"wp:attachment":[{"href":"https:\/\/penzionugrygaru.cz\/de\/wp-json\/wp\/v2\/media?parent=4090"}],"curies":[{"name":"wp","href":"https:\/\/api.w.org\/{rel}","templated":true}]}}